{"id":10472,"date":"2015-07-01T23:53:40","date_gmt":"2015-07-01T20:53:40","guid":{"rendered":"https:\/\/dizvanagi.lv\/?page_id=10472"},"modified":"2015-07-01T23:53:40","modified_gmt":"2015-07-01T20:53:40","slug":"atbalsta-grupas-vecakiem-en","status":"publish","type":"page","link":"https:\/\/www.dizvanagi.lv\/en\/atbalsta-grupas-vecakiem-en\/","title":{"rendered":"Atbalsta grupas vec\u0101kiem-EN"},"content":{"rendered":"<p>2008.gada 13.septembr\u012b Biedr\u012bba \u201eDi\u017evanagi\u201d uzs\u0101ka regul\u0101ras vec\u0101ku atbalsta grupu tik\u0161an\u0101s Liep\u0101jas pils\u0113tas un tuv\u0101ko novadu \u0123imen\u0113m.<\/p>\n<p>T\u0101s norisin\u0101s katru pirmdienu Liep\u0101jas pils\u0113tas domes Soci\u0101laj\u0101 dienest\u0101 laika period\u0101 no septembra l\u012bdz maijam. Pa\u0161laik atbalsta grup\u0101s regul\u0101ri iesaist\u0101s 14 \u0123imenes.<\/p>\n<p>Ar Liep\u0101jas Novada fonda un Ziedot.lv atbalstu, s\u0101kot ar 2009.gada 1.janv\u0101ri, nodarb\u012bb\u0101m tika piesaist\u012bts ar\u012b psihologs. \u0160\u012b gada ruden\u012b pl\u0101nots piesaist\u012bt citus speci\u0101listus, kas atbalsta grupu nodarb\u012bbas papildin\u0101tu ar vec\u0101kiem aktu\u0101lu inform\u0101ciju.<\/p>\n<p>2011.gada maij\u0101 Biedr\u012bbas organiz\u0113t\u0101s atbalsta grupas k\u0101 pakalpojums ir re\u0123istr\u0113ts LR Soci\u0101lo pakalpojumu sniedz\u0113ju re\u0123istr\u0101.<\/p>\n<p><strong>AKTU\u0100L\u0100 INFORM\u0100CIJA:<\/strong><\/p>\n<p>3.oktobra vec\u0101ku atbalsta grupas nodarb\u012bb\u0101 b\u016bs tik\u0161an\u0101s ar m\u016bzikas terapeiti Maiju Za\u0137is!<\/p>\n","protected":false},"excerpt":{"rendered":"<p>2008.gada 13.septembr\u012b Biedr\u012bba \u201eDi\u017evanagi\u201d uzs\u0101ka regul\u0101ras vec\u0101ku atbalsta grupu tik\u0161an\u0101s Liep\u0101jas pils\u0113tas un tuv\u0101ko novadu \u0123imen\u0113m. T\u0101s norisin\u0101s katru pirmdienu Liep\u0101jas pils\u0113tas domes Soci\u0101laj\u0101 dienest\u0101 laika period\u0101 no septembra l\u012bdz maijam. Pa\u0161laik atbalsta grup\u0101s regul\u0101ri iesaist\u0101s 14 \u0123imenes. Ar Liep\u0101jas Novada fonda un Ziedot.lv atbalstu, s\u0101kot ar 2009.gada 1.janv\u0101ri, nodarb\u012bb\u0101m tika piesaist\u012bts ar\u012b psihologs. \u0160\u012b [&hellip;]<\/p>\n","protected":false},"author":1,"featured_media":0,"parent":0,"menu_order":0,"comment_status":"closed","ping_status":"closed","template":"","meta":{"footnotes":""},"class_list":["post-10472","page","type-page","status-publish","hentry"],"yoast_head":"<!-- This site is optimized with the Yoast SEO plugin v19.9 - https:\/\/yoast.com\/wordpress\/plugins\/seo\/ -->\n<title>Atbalsta grupas vec\u0101kiem-EN - Di\u017evanagi<\/title>\n<meta name=\"robots\" content=\"index, follow, max-snippet:-1, max-image-preview:large, max-video-preview:-1\" \/>\n<link rel=\"canonical\" href=\"https:\/\/www.dizvanagi.lv\/atbalsta-grupas-vecakiem-en\/\" \/>\n<meta property=\"og:locale\" content=\"lv_LV\" \/>\n<meta property=\"og:type\" content=\"article\" \/>\n<meta property=\"og:title\" content=\"Atbalsta grupas vec\u0101kiem-EN - Di\u017evanagi\" \/>\n<meta property=\"og:description\" content=\"2008.gada 13.septembr\u012b Biedr\u012bba \u201eDi\u017evanagi\u201d uzs\u0101ka regul\u0101ras vec\u0101ku atbalsta grupu tik\u0161an\u0101s Liep\u0101jas pils\u0113tas un tuv\u0101ko novadu \u0123imen\u0113m. T\u0101s norisin\u0101s katru pirmdienu Liep\u0101jas pils\u0113tas domes Soci\u0101laj\u0101 dienest\u0101 laika period\u0101 no septembra l\u012bdz maijam. Pa\u0161laik atbalsta grup\u0101s regul\u0101ri iesaist\u0101s 14 \u0123imenes. Ar Liep\u0101jas Novada fonda un Ziedot.lv atbalstu, s\u0101kot ar 2009.gada 1.janv\u0101ri, nodarb\u012bb\u0101m tika piesaist\u012bts ar\u012b psihologs. \u0160\u012b [&hellip;]\" \/>\n<meta property=\"og:url\" content=\"https:\/\/www.dizvanagi.lv\/en\/atbalsta-grupas-vecakiem-en\/\" \/>\n<meta property=\"og:site_name\" content=\"Di\u017evanagi\" \/>\n<meta property=\"article:publisher\" content=\"https:\/\/www.facebook.com\/dizvanagi\/\" \/>\n<meta name=\"twitter:card\" content=\"summary_large_image\" \/>\n<meta name=\"twitter:label1\" content=\"Est. reading time\" \/>\n\t<meta name=\"twitter:data1\" content=\"1 min\u016b\u0161u\" \/>\n<script type=\"application\/ld+json\" class=\"yoast-schema-graph\">{\"@context\":\"https:\/\/schema.org\",\"@graph\":[{\"@type\":\"WebPage\",\"@id\":\"https:\/\/www.dizvanagi.lv\/en\/atbalsta-grupas-vecakiem-en\/\",\"url\":\"https:\/\/www.dizvanagi.lv\/en\/atbalsta-grupas-vecakiem-en\/\",\"name\":\"Atbalsta grupas vec\u0101kiem-EN - Di\u017evanagi\",\"isPartOf\":{\"@id\":\"https:\/\/www.dizvanagi.lv\/#website\"},\"datePublished\":\"2015-07-01T20:53:40+00:00\",\"dateModified\":\"2015-07-01T20:53:40+00:00\",\"breadcrumb\":{\"@id\":\"https:\/\/www.dizvanagi.lv\/en\/atbalsta-grupas-vecakiem-en\/#breadcrumb\"},\"inLanguage\":\"lv-LV\",\"potentialAction\":[{\"@type\":\"ReadAction\",\"target\":[\"https:\/\/www.dizvanagi.lv\/en\/atbalsta-grupas-vecakiem-en\/\"]}]},{\"@type\":\"BreadcrumbList\",\"@id\":\"https:\/\/www.dizvanagi.lv\/en\/atbalsta-grupas-vecakiem-en\/#breadcrumb\",\"itemListElement\":[{\"@type\":\"ListItem\",\"position\":1,\"name\":\"Home\",\"item\":\"https:\/\/www.dizvanagi.lv\/\"},{\"@type\":\"ListItem\",\"position\":2,\"name\":\"Atbalsta grupas vec\u0101kiem-EN\"}]},{\"@type\":\"WebSite\",\"@id\":\"https:\/\/www.dizvanagi.lv\/#website\",\"url\":\"https:\/\/www.dizvanagi.lv\/\",\"name\":\"Di\u017evanagi\",\"description\":\"B\u0113rni ir m\u016bsu prieks un sv\u0113t\u012bba\",\"potentialAction\":[{\"@type\":\"SearchAction\",\"target\":{\"@type\":\"EntryPoint\",\"urlTemplate\":\"https:\/\/www.dizvanagi.lv\/?s={search_term_string}\"},\"query-input\":\"required name=search_term_string\"}],\"inLanguage\":\"lv-LV\"}]}<\/script>\n<!-- \/ Yoast SEO plugin. -->","yoast_head_json":{"title":"Atbalsta grupas vec\u0101kiem-EN - Di\u017evanagi","robots":{"index":"index","follow":"follow","max-snippet":"max-snippet:-1","max-image-preview":"max-image-preview:large","max-video-preview":"max-video-preview:-1"},"canonical":"https:\/\/www.dizvanagi.lv\/atbalsta-grupas-vecakiem-en\/","og_locale":"lv_LV","og_type":"article","og_title":"Atbalsta grupas vec\u0101kiem-EN - Di\u017evanagi","og_description":"2008.gada 13.septembr\u012b Biedr\u012bba \u201eDi\u017evanagi\u201d uzs\u0101ka regul\u0101ras vec\u0101ku atbalsta grupu tik\u0161an\u0101s Liep\u0101jas pils\u0113tas un tuv\u0101ko novadu \u0123imen\u0113m. T\u0101s norisin\u0101s katru pirmdienu Liep\u0101jas pils\u0113tas domes Soci\u0101laj\u0101 dienest\u0101 laika period\u0101 no septembra l\u012bdz maijam. Pa\u0161laik atbalsta grup\u0101s regul\u0101ri iesaist\u0101s 14 \u0123imenes. Ar Liep\u0101jas Novada fonda un Ziedot.lv atbalstu, s\u0101kot ar 2009.gada 1.janv\u0101ri, nodarb\u012bb\u0101m tika piesaist\u012bts ar\u012b psihologs. \u0160\u012b [&hellip;]","og_url":"https:\/\/www.dizvanagi.lv\/en\/atbalsta-grupas-vecakiem-en\/","og_site_name":"Di\u017evanagi","article_publisher":"https:\/\/www.facebook.com\/dizvanagi\/","twitter_card":"summary_large_image","twitter_misc":{"Est. reading time":"1 min\u016b\u0161u"},"schema":{"@context":"https:\/\/schema.org","@graph":[{"@type":"WebPage","@id":"https:\/\/www.dizvanagi.lv\/en\/atbalsta-grupas-vecakiem-en\/","url":"https:\/\/www.dizvanagi.lv\/en\/atbalsta-grupas-vecakiem-en\/","name":"Atbalsta grupas vec\u0101kiem-EN - Di\u017evanagi","isPartOf":{"@id":"https:\/\/www.dizvanagi.lv\/#website"},"datePublished":"2015-07-01T20:53:40+00:00","dateModified":"2015-07-01T20:53:40+00:00","breadcrumb":{"@id":"https:\/\/www.dizvanagi.lv\/en\/atbalsta-grupas-vecakiem-en\/#breadcrumb"},"inLanguage":"lv-LV","potentialAction":[{"@type":"ReadAction","target":["https:\/\/www.dizvanagi.lv\/en\/atbalsta-grupas-vecakiem-en\/"]}]},{"@type":"BreadcrumbList","@id":"https:\/\/www.dizvanagi.lv\/en\/atbalsta-grupas-vecakiem-en\/#breadcrumb","itemListElement":[{"@type":"ListItem","position":1,"name":"Home","item":"https:\/\/www.dizvanagi.lv\/"},{"@type":"ListItem","position":2,"name":"Atbalsta grupas vec\u0101kiem-EN"}]},{"@type":"WebSite","@id":"https:\/\/www.dizvanagi.lv\/#website","url":"https:\/\/www.dizvanagi.lv\/","name":"Di\u017evanagi","description":"B\u0113rni ir m\u016bsu prieks un sv\u0113t\u012bba","potentialAction":[{"@type":"SearchAction","target":{"@type":"EntryPoint","urlTemplate":"https:\/\/www.dizvanagi.lv\/?s={search_term_string}"},"query-input":"required name=search_term_string"}],"inLanguage":"lv-LV"}]}},"_links":{"self":[{"href":"https:\/\/www.dizvanagi.lv\/en\/wp-json\/wp\/v2\/pages\/10472\/"}],"collection":[{"href":"https:\/\/www.dizvanagi.lv\/en\/wp-json\/wp\/v2\/pages\/"}],"about":[{"href":"https:\/\/www.dizvanagi.lv\/en\/wp-json\/wp\/v2\/types\/page\/"}],"author":[{"embeddable":true,"href":"https:\/\/www.dizvanagi.lv\/en\/wp-json\/wp\/v2\/users\/1\/"}],"replies":[{"embeddable":true,"href":"https:\/\/www.dizvanagi.lv\/en\/wp-json\/wp\/v2\/comments\/?post=10472"}],"version-history":[{"count":1,"href":"https:\/\/www.dizvanagi.lv\/en\/wp-json\/wp\/v2\/pages\/10472\/revisions\/"}],"predecessor-version":[{"id":10474,"href":"https:\/\/www.dizvanagi.lv\/en\/wp-json\/wp\/v2\/pages\/10472\/revisions\/10474\/"}],"wp:attachment":[{"href":"https:\/\/www.dizvanagi.lv\/en\/wp-json\/wp\/v2\/media\/?parent=10472"}],"curies":[{"name":"wp","href":"https:\/\/api.w.org\/{rel}","templated":true}]}}