{"id":10492,"date":"2015-07-01T23:57:48","date_gmt":"2015-07-01T20:57:48","guid":{"rendered":"https:\/\/dizvanagi.lv\/?page_id=10492"},"modified":"2015-07-01T23:58:03","modified_gmt":"2015-07-01T20:58:03","slug":"mes-en","status":"publish","type":"page","link":"https:\/\/www.dizvanagi.lv\/en\/mes-en\/","title":{"rendered":"M\u0113s-EN"},"content":{"rendered":"<p>\u0160\u0137iet, neviens nav j\u0101p\u0101rliecina par to, ka b\u0113rni ir m\u016bsu prieks un sv\u0113t\u012bba. Ta\u010du pasaule ir skaista sav\u0101 da\u017e\u0101d\u012bb\u0101. Un ar\u012b m\u016bsu b\u0113rni ir da\u017e\u0101di.<br \/>\nSabiedr\u012bb\u0101 pie\u0146emts lietot j\u0113dzienu \u201eb\u0113rni ar \u012bpa\u0161\u0101m vajadz\u012bb\u0101m\u201d &#8211; m\u0113s vi\u0146us saucam vienk\u0101r\u0161i par \u012bpa\u0161ajiem b\u0113rniem.<br \/>\nUn ar\u012b vi\u0146u vec\u0101ki ir \u012bpa\u0161i, jo, sp\u012bt\u0113jot apst\u0101k\u013ciem, vi\u0146i ir gatavi dar\u012bt visu iesp\u0113jamo, lai pal\u012bdz\u0113tu saviem b\u0113rniem pilnveidoties, justies varo\u0161iem un glu\u017ei vienk\u0101r\u0161i sajust prieku par katru dienu.<br \/>\nT\u0101p\u0113c esam izveidoju\u0161i biedr\u012bbu \u201eDi\u017evanagi\u201d, lai \u012bstenotu da\u017e\u0101das rehabilit\u0101cijas un socializ\u0101cijas programmas \u0161iem b\u0113rniem, neaizmirstot ar\u012b par atbalsta snieg\u0161anu vi\u0146u \u0123imen\u0113m.<\/p>\n<p>Biedr\u012bba \u201eDi\u017evanagi\u201d ir dibin\u0101ta 2008.gad\u0101, par galvenajiem m\u0113r\u0137iem nosakot rehabilit\u0101cijas un socializ\u0101cijas programmu \u012bsteno\u0161anu b\u0113rniem ar invalidit\u0101ti un atbalsta sist\u0113mas veido\u0161anu \u0161o b\u0113rnu \u0123imen\u0113m. M\u0113r\u0137i izvirz\u012bti, lai \u012bstenotu biedr\u012bbas misiju \u2013 b\u0113rnu ar \u012bpa\u0161\u0101m vajadz\u012bb\u0101m integr\u0101ciju sabiedr\u012bb\u0101, kam ir pak\u0101rtotas ar\u012b visas biedr\u012bbas aktivit\u0101tes.<br \/>\nSadarb\u012bb\u0101 ar da\u017e\u0101diem speci\u0101listiem (b\u0113rnu \u0101rstu un citiem medic\u012bnas apr\u016bpes speci\u0101listiem, psihologu, psihoterapeitu, soci\u0101lajiem darbiniekiem, ergoterapeitu u.c.) biedr\u012bba sniedz profesion\u0101lu atbalstu b\u0113rniem ar invalidit\u0101ti un vi\u0146u \u0123imen\u0113m.<br \/>\nPa\u0161laik biedr\u012bbas redzeslok\u0101 ir aptuveni 150 \u0123imenes no Liep\u0101jas pils\u0113tas, Kurzemes re\u0123iona un cit\u0101m Latvijas pils\u0113t\u0101m (R\u012bgas, Balviem, Prei\u013ciem, Jelgavas u.c.).<\/p>\n<p>2009.gada 23.j\u016blij\u0101 saska\u0146\u0101 ar Latvijas Republikas Finan\u0161u ministrijas l\u0113mumu Nr.187 biedr\u012bbai pie\u0161\u0137irts sabiedrisk\u0101 labuma statuss.<br \/>\n2011.gada 12.maij\u0101 sa\u0146emta Soci\u0101lo pakalpojumu Re\u0123istra apliec\u012bba Nr. 746.<\/p>\n<p>P\u0101rskat\u0101m\u0101 n\u0101kotn\u0113 biedr\u012bba pl\u0101no izveidot rehabilit\u0101cijas centru (Grobi\u0146as novada \u201eDi\u017evanagos\u201d), kur vienuviet paredz\u0113ts pied\u0101v\u0101t da\u017e\u0101das terapijas un rehabilit\u0101cijas iesp\u0113jas b\u0113rniem ar \u012bpa\u0161\u0101m vajadz\u012bb\u0101m, k\u0101 ar\u012b atbalsta pas\u0101kumus vi\u0146u \u0123imen\u0113m.<\/p>\n","protected":false},"excerpt":{"rendered":"<p>\u0160\u0137iet, neviens nav j\u0101p\u0101rliecina par to, ka b\u0113rni ir m\u016bsu prieks un sv\u0113t\u012bba. Ta\u010du pasaule ir skaista sav\u0101 da\u017e\u0101d\u012bb\u0101. Un ar\u012b m\u016bsu b\u0113rni ir da\u017e\u0101di. Sabiedr\u012bb\u0101 pie\u0146emts lietot j\u0113dzienu \u201eb\u0113rni ar \u012bpa\u0161\u0101m vajadz\u012bb\u0101m\u201d &#8211; m\u0113s vi\u0146us saucam vienk\u0101r\u0161i par \u012bpa\u0161ajiem b\u0113rniem. Un ar\u012b vi\u0146u vec\u0101ki ir \u012bpa\u0161i, jo, sp\u012bt\u0113jot apst\u0101k\u013ciem, vi\u0146i ir gatavi dar\u012bt visu [&hellip;]<\/p>\n","protected":false},"author":1,"featured_media":0,"parent":0,"menu_order":0,"comment_status":"closed","ping_status":"closed","template":"","meta":{"footnotes":""},"class_list":["post-10492","page","type-page","status-publish","hentry"],"yoast_head":"<!-- This site is optimized with the Yoast SEO plugin v19.9 - https:\/\/yoast.com\/wordpress\/plugins\/seo\/ -->\n<title>M\u0113s-EN - Di\u017evanagi<\/title>\n<meta name=\"robots\" content=\"index, follow, max-snippet:-1, max-image-preview:large, max-video-preview:-1\" \/>\n<link rel=\"canonical\" href=\"https:\/\/www.dizvanagi.lv\/mes-en\/\" \/>\n<meta property=\"og:locale\" content=\"lv_LV\" \/>\n<meta property=\"og:type\" content=\"article\" \/>\n<meta property=\"og:title\" content=\"M\u0113s-EN - Di\u017evanagi\" \/>\n<meta property=\"og:description\" content=\"\u0160\u0137iet, neviens nav j\u0101p\u0101rliecina par to, ka b\u0113rni ir m\u016bsu prieks un sv\u0113t\u012bba. Ta\u010du pasaule ir skaista sav\u0101 da\u017e\u0101d\u012bb\u0101. Un ar\u012b m\u016bsu b\u0113rni ir da\u017e\u0101di. Sabiedr\u012bb\u0101 pie\u0146emts lietot j\u0113dzienu \u201eb\u0113rni ar \u012bpa\u0161\u0101m vajadz\u012bb\u0101m\u201d &#8211; m\u0113s vi\u0146us saucam vienk\u0101r\u0161i par \u012bpa\u0161ajiem b\u0113rniem. Un ar\u012b vi\u0146u vec\u0101ki ir \u012bpa\u0161i, jo, sp\u012bt\u0113jot apst\u0101k\u013ciem, vi\u0146i ir gatavi dar\u012bt visu [&hellip;]\" \/>\n<meta property=\"og:url\" content=\"https:\/\/www.dizvanagi.lv\/en\/mes-en\/\" \/>\n<meta property=\"og:site_name\" content=\"Di\u017evanagi\" \/>\n<meta property=\"article:publisher\" content=\"https:\/\/www.facebook.com\/dizvanagi\/\" \/>\n<meta property=\"article:modified_time\" content=\"2015-07-01T20:58:03+00:00\" \/>\n<meta name=\"twitter:card\" content=\"summary_large_image\" \/>\n<meta name=\"twitter:label1\" content=\"Est. reading time\" \/>\n\t<meta name=\"twitter:data1\" content=\"2 min\u016bte\" \/>\n<script type=\"application\/ld+json\" class=\"yoast-schema-graph\">{\"@context\":\"https:\/\/schema.org\",\"@graph\":[{\"@type\":\"WebPage\",\"@id\":\"https:\/\/www.dizvanagi.lv\/en\/mes-en\/\",\"url\":\"https:\/\/www.dizvanagi.lv\/en\/mes-en\/\",\"name\":\"M\u0113s-EN - Di\u017evanagi\",\"isPartOf\":{\"@id\":\"https:\/\/www.dizvanagi.lv\/#website\"},\"datePublished\":\"2015-07-01T20:57:48+00:00\",\"dateModified\":\"2015-07-01T20:58:03+00:00\",\"breadcrumb\":{\"@id\":\"https:\/\/www.dizvanagi.lv\/en\/mes-en\/#breadcrumb\"},\"inLanguage\":\"lv-LV\",\"potentialAction\":[{\"@type\":\"ReadAction\",\"target\":[\"https:\/\/www.dizvanagi.lv\/en\/mes-en\/\"]}]},{\"@type\":\"BreadcrumbList\",\"@id\":\"https:\/\/www.dizvanagi.lv\/en\/mes-en\/#breadcrumb\",\"itemListElement\":[{\"@type\":\"ListItem\",\"position\":1,\"name\":\"Home\",\"item\":\"https:\/\/www.dizvanagi.lv\/\"},{\"@type\":\"ListItem\",\"position\":2,\"name\":\"M\u0113s-EN\"}]},{\"@type\":\"WebSite\",\"@id\":\"https:\/\/www.dizvanagi.lv\/#website\",\"url\":\"https:\/\/www.dizvanagi.lv\/\",\"name\":\"Di\u017evanagi\",\"description\":\"B\u0113rni ir m\u016bsu prieks un sv\u0113t\u012bba\",\"potentialAction\":[{\"@type\":\"SearchAction\",\"target\":{\"@type\":\"EntryPoint\",\"urlTemplate\":\"https:\/\/www.dizvanagi.lv\/?s={search_term_string}\"},\"query-input\":\"required name=search_term_string\"}],\"inLanguage\":\"lv-LV\"}]}<\/script>\n<!-- \/ Yoast SEO plugin. -->","yoast_head_json":{"title":"M\u0113s-EN - Di\u017evanagi","robots":{"index":"index","follow":"follow","max-snippet":"max-snippet:-1","max-image-preview":"max-image-preview:large","max-video-preview":"max-video-preview:-1"},"canonical":"https:\/\/www.dizvanagi.lv\/mes-en\/","og_locale":"lv_LV","og_type":"article","og_title":"M\u0113s-EN - Di\u017evanagi","og_description":"\u0160\u0137iet, neviens nav j\u0101p\u0101rliecina par to, ka b\u0113rni ir m\u016bsu prieks un sv\u0113t\u012bba. Ta\u010du pasaule ir skaista sav\u0101 da\u017e\u0101d\u012bb\u0101. Un ar\u012b m\u016bsu b\u0113rni ir da\u017e\u0101di. Sabiedr\u012bb\u0101 pie\u0146emts lietot j\u0113dzienu \u201eb\u0113rni ar \u012bpa\u0161\u0101m vajadz\u012bb\u0101m\u201d &#8211; m\u0113s vi\u0146us saucam vienk\u0101r\u0161i par \u012bpa\u0161ajiem b\u0113rniem. Un ar\u012b vi\u0146u vec\u0101ki ir \u012bpa\u0161i, jo, sp\u012bt\u0113jot apst\u0101k\u013ciem, vi\u0146i ir gatavi dar\u012bt visu [&hellip;]","og_url":"https:\/\/www.dizvanagi.lv\/en\/mes-en\/","og_site_name":"Di\u017evanagi","article_publisher":"https:\/\/www.facebook.com\/dizvanagi\/","article_modified_time":"2015-07-01T20:58:03+00:00","twitter_card":"summary_large_image","twitter_misc":{"Est. reading time":"2 min\u016bte"},"schema":{"@context":"https:\/\/schema.org","@graph":[{"@type":"WebPage","@id":"https:\/\/www.dizvanagi.lv\/en\/mes-en\/","url":"https:\/\/www.dizvanagi.lv\/en\/mes-en\/","name":"M\u0113s-EN - Di\u017evanagi","isPartOf":{"@id":"https:\/\/www.dizvanagi.lv\/#website"},"datePublished":"2015-07-01T20:57:48+00:00","dateModified":"2015-07-01T20:58:03+00:00","breadcrumb":{"@id":"https:\/\/www.dizvanagi.lv\/en\/mes-en\/#breadcrumb"},"inLanguage":"lv-LV","potentialAction":[{"@type":"ReadAction","target":["https:\/\/www.dizvanagi.lv\/en\/mes-en\/"]}]},{"@type":"BreadcrumbList","@id":"https:\/\/www.dizvanagi.lv\/en\/mes-en\/#breadcrumb","itemListElement":[{"@type":"ListItem","position":1,"name":"Home","item":"https:\/\/www.dizvanagi.lv\/"},{"@type":"ListItem","position":2,"name":"M\u0113s-EN"}]},{"@type":"WebSite","@id":"https:\/\/www.dizvanagi.lv\/#website","url":"https:\/\/www.dizvanagi.lv\/","name":"Di\u017evanagi","description":"B\u0113rni ir m\u016bsu prieks un sv\u0113t\u012bba","potentialAction":[{"@type":"SearchAction","target":{"@type":"EntryPoint","urlTemplate":"https:\/\/www.dizvanagi.lv\/?s={search_term_string}"},"query-input":"required name=search_term_string"}],"inLanguage":"lv-LV"}]}},"_links":{"self":[{"href":"https:\/\/www.dizvanagi.lv\/en\/wp-json\/wp\/v2\/pages\/10492\/"}],"collection":[{"href":"https:\/\/www.dizvanagi.lv\/en\/wp-json\/wp\/v2\/pages\/"}],"about":[{"href":"https:\/\/www.dizvanagi.lv\/en\/wp-json\/wp\/v2\/types\/page\/"}],"author":[{"embeddable":true,"href":"https:\/\/www.dizvanagi.lv\/en\/wp-json\/wp\/v2\/users\/1\/"}],"replies":[{"embeddable":true,"href":"https:\/\/www.dizvanagi.lv\/en\/wp-json\/wp\/v2\/comments\/?post=10492"}],"version-history":[{"count":2,"href":"https:\/\/www.dizvanagi.lv\/en\/wp-json\/wp\/v2\/pages\/10492\/revisions\/"}],"predecessor-version":[{"id":10496,"href":"https:\/\/www.dizvanagi.lv\/en\/wp-json\/wp\/v2\/pages\/10492\/revisions\/10496\/"}],"wp:attachment":[{"href":"https:\/\/www.dizvanagi.lv\/en\/wp-json\/wp\/v2\/media\/?parent=10492"}],"curies":[{"name":"wp","href":"https:\/\/api.w.org\/{rel}","templated":true}]}}