{"id":10501,"date":"2015-07-01T23:59:14","date_gmt":"2015-07-01T20:59:14","guid":{"rendered":"https:\/\/dizvanagi.lv\/?page_id=10501"},"modified":"2015-07-01T23:59:14","modified_gmt":"2015-07-01T20:59:14","slug":"atbalsta-grupas-en","status":"publish","type":"page","link":"https:\/\/www.dizvanagi.lv\/en\/services\/atbalsta-grupas-en\/","title":{"rendered":"Atbalsta grupas-EN"},"content":{"rendered":"<p style=\"text-align: justify;\">Kop\u0161 2008. gada 13. septembra biedr\u012bba \u201cDi\u017evanagi\u201d r\u012bko vec\u0101ku atbalsta grupas tik\u0161an\u0101s Liep\u0101jas pils\u0113tas un tuv\u0101ko novadu \u0123imen\u0113m.\u00a0Atbalsta grupas m\u0113r\u0137is ir mazin\u0101t vec\u0101ku soci\u0101lo izol\u0113t\u012bbu, nodro\u0161in\u0101t vidi, kur\u0101 vec\u0101ki var sa\u0146emt atbalstu un nejusties vieniem ar savu probl\u0113mu.<\/p>\n<p style=\"text-align: justify;\">Grupas tik\u0161an\u0101s\u00a0norisin\u0101s sestdien\u0101s Liep\u0101jas pils\u0113tas domes Soci\u0101l\u0101 dienesta telp\u0101s laika period\u0101 no septembra l\u012bdz maijam. Atbalsta grupas nodarb\u012bb\u0101s regul\u0101ri iesaist\u0101s aptuveni 14 \u0123imenes.<\/p>\n<p style=\"text-align: justify;\">Atbalsta grup\u0101s tiek piesaist\u012bti da\u017e\u0101di speci\u0101listi, kas sniedz vec\u0101kiem aktu\u0101lu inform\u0101ciju, piem\u0113ram, psihologs, ergoterapeits, m\u016bzikas terapeits.<\/p>\n<p><iframe loading=\"lazy\" title=\"Kop\u0101 16-02-2013\" width=\"500\" height=\"281\" src=\"https:\/\/www.youtube.com\/embed\/vPRA0QOzAXE?feature=oembed\" frameborder=\"0\" allow=\"accelerometer; autoplay; clipboard-write; encrypted-media; gyroscope; picture-in-picture; web-share\" referrerpolicy=\"strict-origin-when-cross-origin\" allowfullscreen><\/iframe><\/p>\n<p>2011. gada maij\u0101 biedr\u012bbas organiz\u0113t\u0101s atbalsta grupas k\u0101 pakalpojums ir re\u0123istr\u0113ts LR Soci\u0101lo pakalpojumu sniedz\u0113ju re\u0123istr\u0101.<\/p>\n<p><strong>Kontakti:<\/strong><\/p>\n<p>Atbalsta grupas vad\u012bt\u0101ja\u00a0Ilze Dur\u0146eva<\/p>\n<p>T\u0101lr.:\u00a02\u00a0699 7456<\/p>\n","protected":false},"excerpt":{"rendered":"<p>Kop\u0161 2008. gada 13. septembra biedr\u012bba \u201cDi\u017evanagi\u201d r\u012bko vec\u0101ku atbalsta grupas tik\u0161an\u0101s Liep\u0101jas pils\u0113tas un tuv\u0101ko novadu \u0123imen\u0113m.\u00a0Atbalsta grupas m\u0113r\u0137is ir mazin\u0101t vec\u0101ku soci\u0101lo izol\u0113t\u012bbu, nodro\u0161in\u0101t vidi, kur\u0101 vec\u0101ki var sa\u0146emt atbalstu un nejusties vieniem ar savu probl\u0113mu. Grupas tik\u0161an\u0101s\u00a0norisin\u0101s sestdien\u0101s Liep\u0101jas pils\u0113tas domes Soci\u0101l\u0101 dienesta telp\u0101s laika period\u0101 no septembra l\u012bdz maijam. Atbalsta grupas [&hellip;]<\/p>\n","protected":false},"author":1,"featured_media":0,"parent":10180,"menu_order":0,"comment_status":"open","ping_status":"closed","template":"","meta":{"footnotes":""},"class_list":["post-10501","page","type-page","status-publish","hentry"],"yoast_head":"<!-- This site is optimized with the Yoast SEO plugin v19.9 - https:\/\/yoast.com\/wordpress\/plugins\/seo\/ -->\n<title>Atbalsta grupas-EN - Di\u017evanagi<\/title>\n<meta name=\"robots\" content=\"index, follow, max-snippet:-1, max-image-preview:large, max-video-preview:-1\" \/>\n<link rel=\"canonical\" href=\"https:\/\/www.dizvanagi.lv\/services\/atbalsta-grupas-en\/\" \/>\n<meta property=\"og:locale\" content=\"lv_LV\" \/>\n<meta property=\"og:type\" content=\"article\" \/>\n<meta property=\"og:title\" content=\"Atbalsta grupas-EN - Di\u017evanagi\" \/>\n<meta property=\"og:description\" content=\"Kop\u0161 2008. gada 13. septembra biedr\u012bba \u201cDi\u017evanagi\u201d r\u012bko vec\u0101ku atbalsta grupas tik\u0161an\u0101s Liep\u0101jas pils\u0113tas un tuv\u0101ko novadu \u0123imen\u0113m.\u00a0Atbalsta grupas m\u0113r\u0137is ir mazin\u0101t vec\u0101ku soci\u0101lo izol\u0113t\u012bbu, nodro\u0161in\u0101t vidi, kur\u0101 vec\u0101ki var sa\u0146emt atbalstu un nejusties vieniem ar savu probl\u0113mu. Grupas tik\u0161an\u0101s\u00a0norisin\u0101s sestdien\u0101s Liep\u0101jas pils\u0113tas domes Soci\u0101l\u0101 dienesta telp\u0101s laika period\u0101 no septembra l\u012bdz maijam. Atbalsta grupas [&hellip;]\" \/>\n<meta property=\"og:url\" content=\"https:\/\/www.dizvanagi.lv\/en\/services\/atbalsta-grupas-en\/\" \/>\n<meta property=\"og:site_name\" content=\"Di\u017evanagi\" \/>\n<meta property=\"article:publisher\" content=\"https:\/\/www.facebook.com\/dizvanagi\/\" \/>\n<meta name=\"twitter:card\" content=\"summary_large_image\" \/>\n<meta name=\"twitter:label1\" content=\"Est. reading time\" \/>\n\t<meta name=\"twitter:data1\" content=\"1 min\u016b\u0161u\" \/>\n<script type=\"application\/ld+json\" class=\"yoast-schema-graph\">{\"@context\":\"https:\/\/schema.org\",\"@graph\":[{\"@type\":\"WebPage\",\"@id\":\"https:\/\/www.dizvanagi.lv\/en\/services\/atbalsta-grupas-en\/\",\"url\":\"https:\/\/www.dizvanagi.lv\/en\/services\/atbalsta-grupas-en\/\",\"name\":\"Atbalsta grupas-EN - Di\u017evanagi\",\"isPartOf\":{\"@id\":\"https:\/\/www.dizvanagi.lv\/#website\"},\"datePublished\":\"2015-07-01T20:59:14+00:00\",\"dateModified\":\"2015-07-01T20:59:14+00:00\",\"breadcrumb\":{\"@id\":\"https:\/\/www.dizvanagi.lv\/en\/services\/atbalsta-grupas-en\/#breadcrumb\"},\"inLanguage\":\"lv-LV\",\"potentialAction\":[{\"@type\":\"ReadAction\",\"target\":[\"https:\/\/www.dizvanagi.lv\/en\/services\/atbalsta-grupas-en\/\"]}]},{\"@type\":\"BreadcrumbList\",\"@id\":\"https:\/\/www.dizvanagi.lv\/en\/services\/atbalsta-grupas-en\/#breadcrumb\",\"itemListElement\":[{\"@type\":\"ListItem\",\"position\":1,\"name\":\"Home\",\"item\":\"https:\/\/www.dizvanagi.lv\/\"},{\"@type\":\"ListItem\",\"position\":2,\"name\":\"Private: Services\",\"item\":\"https:\/\/www.dizvanagi.lv\/en\/?page_id=10180\"},{\"@type\":\"ListItem\",\"position\":3,\"name\":\"Atbalsta grupas-EN\"}]},{\"@type\":\"WebSite\",\"@id\":\"https:\/\/www.dizvanagi.lv\/#website\",\"url\":\"https:\/\/www.dizvanagi.lv\/\",\"name\":\"Di\u017evanagi\",\"description\":\"B\u0113rni ir m\u016bsu prieks un sv\u0113t\u012bba\",\"potentialAction\":[{\"@type\":\"SearchAction\",\"target\":{\"@type\":\"EntryPoint\",\"urlTemplate\":\"https:\/\/www.dizvanagi.lv\/?s={search_term_string}\"},\"query-input\":\"required name=search_term_string\"}],\"inLanguage\":\"lv-LV\"}]}<\/script>\n<!-- \/ Yoast SEO plugin. -->","yoast_head_json":{"title":"Atbalsta grupas-EN - Di\u017evanagi","robots":{"index":"index","follow":"follow","max-snippet":"max-snippet:-1","max-image-preview":"max-image-preview:large","max-video-preview":"max-video-preview:-1"},"canonical":"https:\/\/www.dizvanagi.lv\/services\/atbalsta-grupas-en\/","og_locale":"lv_LV","og_type":"article","og_title":"Atbalsta grupas-EN - Di\u017evanagi","og_description":"Kop\u0161 2008. gada 13. septembra biedr\u012bba \u201cDi\u017evanagi\u201d r\u012bko vec\u0101ku atbalsta grupas tik\u0161an\u0101s Liep\u0101jas pils\u0113tas un tuv\u0101ko novadu \u0123imen\u0113m.\u00a0Atbalsta grupas m\u0113r\u0137is ir mazin\u0101t vec\u0101ku soci\u0101lo izol\u0113t\u012bbu, nodro\u0161in\u0101t vidi, kur\u0101 vec\u0101ki var sa\u0146emt atbalstu un nejusties vieniem ar savu probl\u0113mu. Grupas tik\u0161an\u0101s\u00a0norisin\u0101s sestdien\u0101s Liep\u0101jas pils\u0113tas domes Soci\u0101l\u0101 dienesta telp\u0101s laika period\u0101 no septembra l\u012bdz maijam. Atbalsta grupas [&hellip;]","og_url":"https:\/\/www.dizvanagi.lv\/en\/services\/atbalsta-grupas-en\/","og_site_name":"Di\u017evanagi","article_publisher":"https:\/\/www.facebook.com\/dizvanagi\/","twitter_card":"summary_large_image","twitter_misc":{"Est. reading time":"1 min\u016b\u0161u"},"schema":{"@context":"https:\/\/schema.org","@graph":[{"@type":"WebPage","@id":"https:\/\/www.dizvanagi.lv\/en\/services\/atbalsta-grupas-en\/","url":"https:\/\/www.dizvanagi.lv\/en\/services\/atbalsta-grupas-en\/","name":"Atbalsta grupas-EN - Di\u017evanagi","isPartOf":{"@id":"https:\/\/www.dizvanagi.lv\/#website"},"datePublished":"2015-07-01T20:59:14+00:00","dateModified":"2015-07-01T20:59:14+00:00","breadcrumb":{"@id":"https:\/\/www.dizvanagi.lv\/en\/services\/atbalsta-grupas-en\/#breadcrumb"},"inLanguage":"lv-LV","potentialAction":[{"@type":"ReadAction","target":["https:\/\/www.dizvanagi.lv\/en\/services\/atbalsta-grupas-en\/"]}]},{"@type":"BreadcrumbList","@id":"https:\/\/www.dizvanagi.lv\/en\/services\/atbalsta-grupas-en\/#breadcrumb","itemListElement":[{"@type":"ListItem","position":1,"name":"Home","item":"https:\/\/www.dizvanagi.lv\/"},{"@type":"ListItem","position":2,"name":"Private: Services","item":"https:\/\/www.dizvanagi.lv\/en\/?page_id=10180"},{"@type":"ListItem","position":3,"name":"Atbalsta grupas-EN"}]},{"@type":"WebSite","@id":"https:\/\/www.dizvanagi.lv\/#website","url":"https:\/\/www.dizvanagi.lv\/","name":"Di\u017evanagi","description":"B\u0113rni ir m\u016bsu prieks un sv\u0113t\u012bba","potentialAction":[{"@type":"SearchAction","target":{"@type":"EntryPoint","urlTemplate":"https:\/\/www.dizvanagi.lv\/?s={search_term_string}"},"query-input":"required name=search_term_string"}],"inLanguage":"lv-LV"}]}},"_links":{"self":[{"href":"https:\/\/www.dizvanagi.lv\/en\/wp-json\/wp\/v2\/pages\/10501\/"}],"collection":[{"href":"https:\/\/www.dizvanagi.lv\/en\/wp-json\/wp\/v2\/pages\/"}],"about":[{"href":"https:\/\/www.dizvanagi.lv\/en\/wp-json\/wp\/v2\/types\/page\/"}],"author":[{"embeddable":true,"href":"https:\/\/www.dizvanagi.lv\/en\/wp-json\/wp\/v2\/users\/1\/"}],"replies":[{"embeddable":true,"href":"https:\/\/www.dizvanagi.lv\/en\/wp-json\/wp\/v2\/comments\/?post=10501"}],"version-history":[{"count":1,"href":"https:\/\/www.dizvanagi.lv\/en\/wp-json\/wp\/v2\/pages\/10501\/revisions\/"}],"predecessor-version":[{"id":10503,"href":"https:\/\/www.dizvanagi.lv\/en\/wp-json\/wp\/v2\/pages\/10501\/revisions\/10503\/"}],"up":[{"embeddable":true,"href":"https:\/\/www.dizvanagi.lv\/en\/wp-json\/wp\/v2\/pages\/10180\/"}],"wp:attachment":[{"href":"https:\/\/www.dizvanagi.lv\/en\/wp-json\/wp\/v2\/media\/?parent=10501"}],"curies":[{"name":"wp","href":"https:\/\/api.w.org\/{rel}","templated":true}]}}