{"id":10517,"date":"2015-07-02T00:03:13","date_gmt":"2015-07-01T21:03:13","guid":{"rendered":"https:\/\/dizvanagi.lv\/?page_id=10517"},"modified":"2015-07-02T00:03:13","modified_gmt":"2015-07-01T21:03:13","slug":"nometnes-en","status":"publish","type":"page","link":"https:\/\/www.dizvanagi.lv\/en\/services\/nometnes-en\/","title":{"rendered":"Nometnes-EN"},"content":{"rendered":"<p style=\"text-align: justify;\">Papildus citiem pakalpojumiem ik vasaru biedr\u012bba &#8220;Di\u017evanagi&#8221; organiz\u0113 divas nometnes b\u0113rniem ar \u012bpa\u0161\u0101m vajadz\u012bb\u0101m.<\/p>\n<p style=\"text-align: center;\"><span style=\"font-size: 18px;\"><strong>Nometne &#8220;Poniju skola&#8221;<\/strong><\/span><\/p>\n<p style=\"text-align: justify;\">Kop\u0161 2010. gada ik vasaru biedr\u012bba organiz\u0113 integr\u0113jo\u0161as dienas nometnes, kur\u0101s b\u0113rni ar \u012bpa\u0161\u0101m vajadz\u012bb\u0101m pavada laiku kop\u0101 ar saviem br\u0101\u013ciem un m\u0101s\u0101m, k\u0101 ar\u012b citiem b\u0113rniem. T\u0101s\u00a0laik\u0101\u00a0b\u0113rni ne tikai izpau\u017eas da\u017e\u0101d\u0101s rado\u0161\u0101s nodarb\u012bb\u0101s, bet ar\u012b sa\u0146em sp\u0113j\u0101m un vesel\u012bbas st\u0101voklim piem\u0113rotu kust\u012bbu un citas terapijas.<br \/>\nB\u0113rniem ir iesp\u0113ja ar\u012b darboties \u201eDi\u017evanagu\u201d teritorij\u0101 eso\u0161aj\u0101 Mini Zoo, r\u016bp\u0113joties par zood\u0101rza iem\u012btniekiem, k\u0101 ar\u012b piedaloties nodarb\u012bb\u0101s ar ponijiem. Viesu dien\u0101s ierodas m\u016bzi\u0137i un citi ciemi\u0146i, kuri kop\u0101 ar b\u0113rniem ne vien muzic\u0113, bet veido ar\u012b m\u0101kslas darbus un vienk\u0101r\u0161i pavada kop\u0101 laiku.<\/p>\n<p style=\"text-align: justify;\">Savuk\u0101rt nosl\u0113gum\u0101 ciemojas b\u0113rnu vec\u0101ki, kas reiz\u0113 ir gan emocion\u0101li savi\u013c\u0146ojo\u0161a nometnes kulmin\u0101cija, gan ar\u012b reiz\u0113 t\u0101 ir nometnes skumj\u0101k\u0101 diena, jo \u0161eit piedz\u012bvotais b\u0113rnos izsauc neviltotu saj\u016bsmu \u2013 vi\u0146u acis staro un pat nejaut\u0101jot ir skaidrs, ka vismaz\u0101k vi\u0146i\u00a0v\u0113las braukt prom.<\/p>\n<p style=\"text-align: justify;\">Pa\u0161laik nometne darbojas pa dienu un vakar\u0101 b\u0113rni dodas m\u0101j\u0101s, jo nav iesp\u0113jams pied\u0101v\u0101t naktsm\u0101jas uz vietas nometnes teritorij\u0101. Ar M\u0101rti\u0146a Freima\u0146a fonda atbalstu 2011. gad\u0101 \u201eDi\u017evanagos\u201d tika uzst\u0101d\u012bta viena m\u0101ji\u0146a, ta\u010du, t\u0101 k\u0101 katru gadu nometn\u0113s v\u0113las piedal\u012bties arvien vair\u0101k b\u0113rnu ne tikai no Kurzemes re\u0123iona, bet nu jau ar\u012b no visas Latvijas, ar to vairs nav pietiekami, lai uz\u0146emtu un izmitin\u0101tu visus. T\u0101p\u0113c biedr\u012bba pl\u0101no tuv\u0101kaj\u0101 n\u0101kotn\u0113 piesaist\u012bt l\u012bdzek\u013cus \u010detru p\u0101rvietojamo m\u0101ji\u0146u uzst\u0101d\u012b\u0161anai nometnes teritorij\u0101, lai vismaz nometnes laik\u0101 b\u0113rniem neb\u016btu ik vakaru j\u0101dodas m\u0101j\u0101s.<\/p>\n<p><iframe loading=\"lazy\" title=\"Di\u017evanagu nometnes &quot;Poniju skola&quot; nosl\u0113gums 2012\" width=\"500\" height=\"281\" src=\"https:\/\/www.youtube.com\/embed\/1tv8UofqONY?feature=oembed\" frameborder=\"0\" allow=\"accelerometer; autoplay; clipboard-write; encrypted-media; gyroscope; picture-in-picture; web-share\" referrerpolicy=\"strict-origin-when-cross-origin\" allowfullscreen><\/iframe><\/p>\n<p><strong>Kontakti:<\/strong><\/p>\n<p>Nometnes vad\u012bt\u0101ja\u00a0Ilze Dur\u0146eva<\/p>\n<p>T\u0101lr.:\u00a02\u00a0699 7456<\/p>\n<p>&nbsp;<\/p>\n<p style=\"text-align: center;\"><span style=\"font-size: 18px;\"><strong>Nometne &#8220;Mazo prin\u010du vasara&#8221;<\/strong><\/span><\/p>\n<p style=\"text-align: justify;\">Kop\u0161 2012. gada vasar\u0101s tiek organiz\u0113ta ar\u012b \u012bpa\u0161a nometne\/rehabilit\u0101cijas kurss nedziedin\u0101mi slimiem b\u0113rniem un vi\u0146u vec\u0101kiem. T\u0101s\u00a0laik\u0101 \u201eDi\u017evanagi\u201d v\u0113las dot iesp\u0113ju vec\u0101kiem pavad\u012bt laiku kop\u0101 ar savu b\u0113rnu \u0101rpus ierast\u0101s ikdienas, vienlaic\u012bgi sa\u0146emot ar\u012b da\u017e\u0101du speci\u0101listu konsult\u0101cijas par to, k\u0101 m\u0101jas apst\u0101k\u013cos nodro\u0161in\u0101t b\u0113rna apr\u016bpi un rehabilit\u0101ciju, lai uzlabotu vesel\u012bbas st\u0101vokli.<\/p>\n<p style=\"text-align: justify;\">Nometnes laik\u0101 da\u017e\u0101di speci\u0101listi (psihologs, b\u0113rnu \u0101rsts, medic\u012bnas m\u0101sas, psihoterapeits u.c.) konsult\u0113 vec\u0101kus b\u0113rnu apr\u016bpes un rehabilit\u0101cijas jaut\u0101jumos, lai sniegtu vec\u0101kiem praktiskas zin\u0101\u0161anas par savu b\u0113rnu att\u012bst\u012bbas veicin\u0101\u0161anas un vesel\u012bbas uzlabo\u0161anas iesp\u0113j\u0101m m\u0101jas apst\u0101k\u013cos, jo ar\u012b nedziedin\u0101mi slimo b\u0113rnu vesel\u012bbas st\u0101vokl\u012b ir iesp\u0113jams pan\u0101kt progresu, ja zina, k\u0101 ar b\u0113rnu str\u0101d\u0101t un regul\u0101ri to dara.<\/p>\n<p><iframe loading=\"lazy\" title=\"Nometne &quot;Mazo prin\u010du vasara&quot; 2013\" width=\"500\" height=\"281\" src=\"https:\/\/www.youtube.com\/embed\/_0QsE4S2Ny8?feature=oembed\" frameborder=\"0\" allow=\"accelerometer; autoplay; clipboard-write; encrypted-media; gyroscope; picture-in-picture; web-share\" referrerpolicy=\"strict-origin-when-cross-origin\" allowfullscreen><\/iframe><\/p>\n<p><strong>Kontakti:<\/strong><\/p>\n<p>Nometnes\u00a0vad\u012bt\u0101ja\u00a0Ilze Dur\u0146eva<\/p>\n<p>T\u0101lr.:\u00a02\u00a0699 7456<\/p>\n","protected":false},"excerpt":{"rendered":"<p>Papildus citiem pakalpojumiem ik vasaru biedr\u012bba &#8220;Di\u017evanagi&#8221; organiz\u0113 divas nometnes b\u0113rniem ar \u012bpa\u0161\u0101m vajadz\u012bb\u0101m. Nometne &#8220;Poniju skola&#8221; Kop\u0161 2010. gada ik vasaru biedr\u012bba organiz\u0113 integr\u0113jo\u0161as dienas nometnes, kur\u0101s b\u0113rni ar \u012bpa\u0161\u0101m vajadz\u012bb\u0101m pavada laiku kop\u0101 ar saviem br\u0101\u013ciem un m\u0101s\u0101m, k\u0101 ar\u012b citiem b\u0113rniem. T\u0101s\u00a0laik\u0101\u00a0b\u0113rni ne tikai izpau\u017eas da\u017e\u0101d\u0101s rado\u0161\u0101s nodarb\u012bb\u0101s, bet ar\u012b sa\u0146em sp\u0113j\u0101m [&hellip;]<\/p>\n","protected":false},"author":1,"featured_media":0,"parent":10180,"menu_order":0,"comment_status":"open","ping_status":"closed","template":"","meta":{"footnotes":""},"class_list":["post-10517","page","type-page","status-publish","hentry"],"yoast_head":"<!-- This site is optimized with the Yoast SEO plugin v19.9 - https:\/\/yoast.com\/wordpress\/plugins\/seo\/ -->\n<title>Nometnes-EN - Di\u017evanagi<\/title>\n<meta name=\"robots\" content=\"index, follow, max-snippet:-1, max-image-preview:large, max-video-preview:-1\" \/>\n<link rel=\"canonical\" href=\"https:\/\/www.dizvanagi.lv\/services\/nometnes-en\/\" \/>\n<meta property=\"og:locale\" content=\"lv_LV\" \/>\n<meta property=\"og:type\" content=\"article\" \/>\n<meta property=\"og:title\" content=\"Nometnes-EN - Di\u017evanagi\" \/>\n<meta property=\"og:description\" content=\"Papildus citiem pakalpojumiem ik vasaru biedr\u012bba &#8220;Di\u017evanagi&#8221; organiz\u0113 divas nometnes b\u0113rniem ar \u012bpa\u0161\u0101m vajadz\u012bb\u0101m. Nometne &#8220;Poniju skola&#8221; Kop\u0161 2010. gada ik vasaru biedr\u012bba organiz\u0113 integr\u0113jo\u0161as dienas nometnes, kur\u0101s b\u0113rni ar \u012bpa\u0161\u0101m vajadz\u012bb\u0101m pavada laiku kop\u0101 ar saviem br\u0101\u013ciem un m\u0101s\u0101m, k\u0101 ar\u012b citiem b\u0113rniem. T\u0101s\u00a0laik\u0101\u00a0b\u0113rni ne tikai izpau\u017eas da\u017e\u0101d\u0101s rado\u0161\u0101s nodarb\u012bb\u0101s, bet ar\u012b sa\u0146em sp\u0113j\u0101m [&hellip;]\" \/>\n<meta property=\"og:url\" content=\"https:\/\/www.dizvanagi.lv\/en\/services\/nometnes-en\/\" \/>\n<meta property=\"og:site_name\" content=\"Di\u017evanagi\" \/>\n<meta property=\"article:publisher\" content=\"https:\/\/www.facebook.com\/dizvanagi\/\" \/>\n<meta name=\"twitter:card\" content=\"summary_large_image\" \/>\n<meta name=\"twitter:label1\" content=\"Est. reading time\" \/>\n\t<meta name=\"twitter:data1\" content=\"3 min\u016bte\" \/>\n<script type=\"application\/ld+json\" class=\"yoast-schema-graph\">{\"@context\":\"https:\/\/schema.org\",\"@graph\":[{\"@type\":\"WebPage\",\"@id\":\"https:\/\/www.dizvanagi.lv\/en\/services\/nometnes-en\/\",\"url\":\"https:\/\/www.dizvanagi.lv\/en\/services\/nometnes-en\/\",\"name\":\"Nometnes-EN - Di\u017evanagi\",\"isPartOf\":{\"@id\":\"https:\/\/www.dizvanagi.lv\/#website\"},\"datePublished\":\"2015-07-01T21:03:13+00:00\",\"dateModified\":\"2015-07-01T21:03:13+00:00\",\"breadcrumb\":{\"@id\":\"https:\/\/www.dizvanagi.lv\/en\/services\/nometnes-en\/#breadcrumb\"},\"inLanguage\":\"lv-LV\",\"potentialAction\":[{\"@type\":\"ReadAction\",\"target\":[\"https:\/\/www.dizvanagi.lv\/en\/services\/nometnes-en\/\"]}]},{\"@type\":\"BreadcrumbList\",\"@id\":\"https:\/\/www.dizvanagi.lv\/en\/services\/nometnes-en\/#breadcrumb\",\"itemListElement\":[{\"@type\":\"ListItem\",\"position\":1,\"name\":\"Home\",\"item\":\"https:\/\/www.dizvanagi.lv\/\"},{\"@type\":\"ListItem\",\"position\":2,\"name\":\"Private: Services\",\"item\":\"https:\/\/www.dizvanagi.lv\/en\/?page_id=10180\"},{\"@type\":\"ListItem\",\"position\":3,\"name\":\"Nometnes-EN\"}]},{\"@type\":\"WebSite\",\"@id\":\"https:\/\/www.dizvanagi.lv\/#website\",\"url\":\"https:\/\/www.dizvanagi.lv\/\",\"name\":\"Di\u017evanagi\",\"description\":\"B\u0113rni ir m\u016bsu prieks un sv\u0113t\u012bba\",\"potentialAction\":[{\"@type\":\"SearchAction\",\"target\":{\"@type\":\"EntryPoint\",\"urlTemplate\":\"https:\/\/www.dizvanagi.lv\/?s={search_term_string}\"},\"query-input\":\"required name=search_term_string\"}],\"inLanguage\":\"lv-LV\"}]}<\/script>\n<!-- \/ Yoast SEO plugin. -->","yoast_head_json":{"title":"Nometnes-EN - Di\u017evanagi","robots":{"index":"index","follow":"follow","max-snippet":"max-snippet:-1","max-image-preview":"max-image-preview:large","max-video-preview":"max-video-preview:-1"},"canonical":"https:\/\/www.dizvanagi.lv\/services\/nometnes-en\/","og_locale":"lv_LV","og_type":"article","og_title":"Nometnes-EN - Di\u017evanagi","og_description":"Papildus citiem pakalpojumiem ik vasaru biedr\u012bba &#8220;Di\u017evanagi&#8221; organiz\u0113 divas nometnes b\u0113rniem ar \u012bpa\u0161\u0101m vajadz\u012bb\u0101m. Nometne &#8220;Poniju skola&#8221; Kop\u0161 2010. gada ik vasaru biedr\u012bba organiz\u0113 integr\u0113jo\u0161as dienas nometnes, kur\u0101s b\u0113rni ar \u012bpa\u0161\u0101m vajadz\u012bb\u0101m pavada laiku kop\u0101 ar saviem br\u0101\u013ciem un m\u0101s\u0101m, k\u0101 ar\u012b citiem b\u0113rniem. T\u0101s\u00a0laik\u0101\u00a0b\u0113rni ne tikai izpau\u017eas da\u017e\u0101d\u0101s rado\u0161\u0101s nodarb\u012bb\u0101s, bet ar\u012b sa\u0146em sp\u0113j\u0101m [&hellip;]","og_url":"https:\/\/www.dizvanagi.lv\/en\/services\/nometnes-en\/","og_site_name":"Di\u017evanagi","article_publisher":"https:\/\/www.facebook.com\/dizvanagi\/","twitter_card":"summary_large_image","twitter_misc":{"Est. reading time":"3 min\u016bte"},"schema":{"@context":"https:\/\/schema.org","@graph":[{"@type":"WebPage","@id":"https:\/\/www.dizvanagi.lv\/en\/services\/nometnes-en\/","url":"https:\/\/www.dizvanagi.lv\/en\/services\/nometnes-en\/","name":"Nometnes-EN - Di\u017evanagi","isPartOf":{"@id":"https:\/\/www.dizvanagi.lv\/#website"},"datePublished":"2015-07-01T21:03:13+00:00","dateModified":"2015-07-01T21:03:13+00:00","breadcrumb":{"@id":"https:\/\/www.dizvanagi.lv\/en\/services\/nometnes-en\/#breadcrumb"},"inLanguage":"lv-LV","potentialAction":[{"@type":"ReadAction","target":["https:\/\/www.dizvanagi.lv\/en\/services\/nometnes-en\/"]}]},{"@type":"BreadcrumbList","@id":"https:\/\/www.dizvanagi.lv\/en\/services\/nometnes-en\/#breadcrumb","itemListElement":[{"@type":"ListItem","position":1,"name":"Home","item":"https:\/\/www.dizvanagi.lv\/"},{"@type":"ListItem","position":2,"name":"Private: Services","item":"https:\/\/www.dizvanagi.lv\/en\/?page_id=10180"},{"@type":"ListItem","position":3,"name":"Nometnes-EN"}]},{"@type":"WebSite","@id":"https:\/\/www.dizvanagi.lv\/#website","url":"https:\/\/www.dizvanagi.lv\/","name":"Di\u017evanagi","description":"B\u0113rni ir m\u016bsu prieks un sv\u0113t\u012bba","potentialAction":[{"@type":"SearchAction","target":{"@type":"EntryPoint","urlTemplate":"https:\/\/www.dizvanagi.lv\/?s={search_term_string}"},"query-input":"required name=search_term_string"}],"inLanguage":"lv-LV"}]}},"_links":{"self":[{"href":"https:\/\/www.dizvanagi.lv\/en\/wp-json\/wp\/v2\/pages\/10517\/"}],"collection":[{"href":"https:\/\/www.dizvanagi.lv\/en\/wp-json\/wp\/v2\/pages\/"}],"about":[{"href":"https:\/\/www.dizvanagi.lv\/en\/wp-json\/wp\/v2\/types\/page\/"}],"author":[{"embeddable":true,"href":"https:\/\/www.dizvanagi.lv\/en\/wp-json\/wp\/v2\/users\/1\/"}],"replies":[{"embeddable":true,"href":"https:\/\/www.dizvanagi.lv\/en\/wp-json\/wp\/v2\/comments\/?post=10517"}],"version-history":[{"count":1,"href":"https:\/\/www.dizvanagi.lv\/en\/wp-json\/wp\/v2\/pages\/10517\/revisions\/"}],"predecessor-version":[{"id":10519,"href":"https:\/\/www.dizvanagi.lv\/en\/wp-json\/wp\/v2\/pages\/10517\/revisions\/10519\/"}],"up":[{"embeddable":true,"href":"https:\/\/www.dizvanagi.lv\/en\/wp-json\/wp\/v2\/pages\/10180\/"}],"wp:attachment":[{"href":"https:\/\/www.dizvanagi.lv\/en\/wp-json\/wp\/v2\/media\/?parent=10517"}],"curies":[{"name":"wp","href":"https:\/\/api.w.org\/{rel}","templated":true}]}}