{"id":10521,"date":"2015-07-02T00:06:03","date_gmt":"2015-07-01T21:06:03","guid":{"rendered":"https:\/\/dizvanagi.lv\/?page_id=10521"},"modified":"2015-07-02T00:06:03","modified_gmt":"2015-07-01T21:06:03","slug":"paliativa-aprupe-en","status":"publish","type":"page","link":"https:\/\/www.dizvanagi.lv\/en\/paliativa-aprupe-en\/","title":{"rendered":"Paliat\u012bva apr\u016bpe-EN"},"content":{"rendered":"<p><strong>Kas ir paliat\u012bv\u0101 apr\u016bpe?<\/strong><\/p>\n<p style=\"text-align: justify;\">Paliat\u012bv\u0101 apr\u016bpe ir visaptvero\u0161a (no biolo\u0123isk\u0101, psiholo\u0123isk\u0101, soci\u0101l\u0101, gar\u012bg\u0101 aspekta) to cilv\u0113ku apr\u016bpe, kuru slim\u012bbas vairs nav radik\u0101li iz\u0101rst\u0113jamas. T\u0101s m\u0113r\u0137is ir nodro\u0161in\u0101t pacientiem un vi\u0146u \u0123imen\u0113m maksim\u0101li labu dz\u012bves kvalit\u0101ti eso\u0161aj\u0101 situ\u0101cij\u0101. Paliat\u012bv\u0101s apr\u016bpes pamatelementi ir agr\u012bna s\u0101pju diagnostika, \u0101rst\u0113\u0161ana un rehabilit\u0101cija.<\/p>\n<p style=\"text-align: justify;\">Savuk\u0101rt <strong>b\u0113rnu paliat\u012bv\u0101s apr\u016bpes<\/strong> m\u0113r\u0137is at\u0161\u0137iras ar to, ka karitat\u012bvais atbalsts tiek sniegts visai \u0123imenei, kas p\u0101rdz\u012bvo smago posmu \u2013 b\u0113rni\u0146a nedziedin\u0101mo slim\u012bbu. T\u0101 ir iesp\u0113ja vec\u0101kiem sa\u0146emt nepiecie\u0161amo atbalstu p\u0113c diagnozes noskaidro\u0161anas un ieg\u016bt dro\u0161\u012bbas saj\u016btu, rad\u012bt b\u0113rnam p\u0113c iesp\u0113jas lab\u0101ku dz\u012bves kvalit\u0101ti m\u0101jas apst\u0101k\u013cos.<\/p>\n<p style=\"text-align: justify;\">Paliat\u012bv\u0101 apr\u016bpe neattiecas tikai uz b\u0113rniem ar onkolo\u0123isk\u0101m saslim\u0161an\u0101m \u2013 pamat\u0101 tie ir b\u0113rni ar smag\u0101m neirolo\u0123isk\u0101m probl\u0113m\u0101m, imunit\u0101tes trauc\u0113jumiem, vielmai\u0146as patolo\u0123ij\u0101m. Speci\u0101listu atbalsts ir v\u0113rsts uz to, lai gan b\u0113rns, gan vec\u0101ki nepaliktu vieni \u0161aj\u0101 sare\u017e\u0123\u012btaj\u0101 laik\u0101 un maksim\u0101li var\u0113tu iem\u0101c\u012bties ar situ\u0101ciju sadz\u012bvot. Paliat\u012bv\u0101s apr\u016bpes m\u0113r\u0137is ir pal\u012bdz\u0113t b\u0113rnam izmantot vi\u0146a fizisk\u0101s sp\u0113jas, cik piln\u012bgi vien iesp\u0113jams, r\u016bp\u0113ties, lai vi\u0146\u0161 justos p\u0113c iesp\u0113jas lab\u0101k, lai tiktu uzklaus\u012btas vi\u0146a v\u0113lmes un ap vi\u0146u b\u016btu cilv\u0113ki, kurus vi\u0146\u0161 m\u012bl. Darbs paliat\u012bvaj\u0101 apr\u016bp\u0113 ietver sev\u012b ar\u012b pal\u012bdz\u012bbu \u0123imenei s\u0113ru period\u0101, lai vec\u0101ki un citi \u0123imenes locek\u013ci var\u0113tu p\u0101rvar\u0113t kr\u012bzi un turpin\u0101t dz\u012bvi iesp\u0113jami veiksm\u012bgi, neiesl\u012bgstot depresij\u0101.<\/p>\n<p><iframe loading=\"lazy\" src=\"https:\/\/www.liepajniekiem.lv\/embed\/3965\" width=\"576\" height=\"324\" frameborder=\"0\" allowfullscreen=\"allowfullscreen\"><\/iframe><\/p>\n<p><strong>Paliat\u012bv\u0101 apr\u016bpe Liep\u0101j\u0101<\/strong><\/p>\n<p style=\"text-align: justify;\">Ar Liep\u0101jas pils\u0113tas domes, Liep\u0101jas Re\u0123ion\u0101l\u0101s slimn\u012bcas un ziedot\u0101ju atbalstu Liep\u0101j\u0101 ir izveidota multidisciplin\u0101ra b\u0113rnu paliat\u012bv\u0101s apr\u016bpes speci\u0101listu komanda. Komand\u0101 ietilpst pediatrs, medm\u0101sas, psihologs, psihoterapeits, kapel\u0101ns, soci\u0101lais darbinieks. Speci\u0101listi dodas m\u0101jas viz\u012bt\u0113s vismaz 2 reizes ned\u0113\u013c\u0101 (ja nepiecie\u0161ams &#8211; jebkur\u0101 diennakts stund\u0101).<\/p>\n<p style=\"text-align: justify;\">Vasaras period\u0101 \u0123imen\u0113m tiek organiz\u0113ta ar\u012b nometne \u201eMazo Prin\u010du vasara\u201d, kur \u0123imenes var satikties, dal\u012bties pieredz\u0113, konsult\u0113ties ar da\u017e\u0101diem speci\u0101listiem un pab\u016bt kop\u0101 \u0101rpus ierast\u0101s ikdienas.<\/p>\n<p style=\"text-align: justify;\">Diagnoze nav nolemt\u012bba!<\/p>\n<p><iframe loading=\"lazy\" src=\"https:\/\/www.liepajniekiem.lv\/embed\/4216\" width=\"576\" height=\"324\" frameborder=\"0\" allowfullscreen=\"allowfullscreen\"><\/iframe><br \/>\n<strong>Kontakti:<\/strong><\/p>\n<p>B\u0113rnu paliat\u012bv\u0101s m\u0101jas apr\u016bpes koordinatore Ilze Dur\u0146eva<\/p>\n<p>T\u0101lr.:\u00a02\u00a0699 7456<\/p>\n","protected":false},"excerpt":{"rendered":"<p>Kas ir paliat\u012bv\u0101 apr\u016bpe? Paliat\u012bv\u0101 apr\u016bpe ir visaptvero\u0161a (no biolo\u0123isk\u0101, psiholo\u0123isk\u0101, soci\u0101l\u0101, gar\u012bg\u0101 aspekta) to cilv\u0113ku apr\u016bpe, kuru slim\u012bbas vairs nav radik\u0101li iz\u0101rst\u0113jamas. T\u0101s m\u0113r\u0137is ir nodro\u0161in\u0101t pacientiem un vi\u0146u \u0123imen\u0113m maksim\u0101li labu dz\u012bves kvalit\u0101ti eso\u0161aj\u0101 situ\u0101cij\u0101. Paliat\u012bv\u0101s apr\u016bpes pamatelementi ir agr\u012bna s\u0101pju diagnostika, \u0101rst\u0113\u0161ana un rehabilit\u0101cija. Savuk\u0101rt b\u0113rnu paliat\u012bv\u0101s apr\u016bpes m\u0113r\u0137is at\u0161\u0137iras ar to, [&hellip;]<\/p>\n","protected":false},"author":1,"featured_media":0,"parent":0,"menu_order":0,"comment_status":"closed","ping_status":"closed","template":"","meta":{"footnotes":""},"class_list":["post-10521","page","type-page","status-publish","hentry"],"yoast_head":"<!-- This site is optimized with the Yoast SEO plugin v19.9 - https:\/\/yoast.com\/wordpress\/plugins\/seo\/ -->\n<title>Paliat\u012bva apr\u016bpe-EN - Di\u017evanagi<\/title>\n<meta name=\"robots\" content=\"index, follow, max-snippet:-1, max-image-preview:large, max-video-preview:-1\" \/>\n<link rel=\"canonical\" href=\"https:\/\/www.dizvanagi.lv\/paliativa-aprupe-en\/\" \/>\n<meta property=\"og:locale\" content=\"lv_LV\" \/>\n<meta property=\"og:type\" content=\"article\" \/>\n<meta property=\"og:title\" content=\"Paliat\u012bva apr\u016bpe-EN - Di\u017evanagi\" \/>\n<meta property=\"og:description\" content=\"Kas ir paliat\u012bv\u0101 apr\u016bpe? Paliat\u012bv\u0101 apr\u016bpe ir visaptvero\u0161a (no biolo\u0123isk\u0101, psiholo\u0123isk\u0101, soci\u0101l\u0101, gar\u012bg\u0101 aspekta) to cilv\u0113ku apr\u016bpe, kuru slim\u012bbas vairs nav radik\u0101li iz\u0101rst\u0113jamas. T\u0101s m\u0113r\u0137is ir nodro\u0161in\u0101t pacientiem un vi\u0146u \u0123imen\u0113m maksim\u0101li labu dz\u012bves kvalit\u0101ti eso\u0161aj\u0101 situ\u0101cij\u0101. Paliat\u012bv\u0101s apr\u016bpes pamatelementi ir agr\u012bna s\u0101pju diagnostika, \u0101rst\u0113\u0161ana un rehabilit\u0101cija. Savuk\u0101rt b\u0113rnu paliat\u012bv\u0101s apr\u016bpes m\u0113r\u0137is at\u0161\u0137iras ar to, [&hellip;]\" \/>\n<meta property=\"og:url\" content=\"https:\/\/www.dizvanagi.lv\/en\/paliativa-aprupe-en\/\" \/>\n<meta property=\"og:site_name\" content=\"Di\u017evanagi\" \/>\n<meta property=\"article:publisher\" content=\"https:\/\/www.facebook.com\/dizvanagi\/\" \/>\n<meta name=\"twitter:card\" content=\"summary_large_image\" \/>\n<meta name=\"twitter:label1\" content=\"Est. reading time\" \/>\n\t<meta name=\"twitter:data1\" content=\"2 min\u016bte\" \/>\n<script type=\"application\/ld+json\" class=\"yoast-schema-graph\">{\"@context\":\"https:\/\/schema.org\",\"@graph\":[{\"@type\":\"WebPage\",\"@id\":\"https:\/\/www.dizvanagi.lv\/en\/paliativa-aprupe-en\/\",\"url\":\"https:\/\/www.dizvanagi.lv\/en\/paliativa-aprupe-en\/\",\"name\":\"Paliat\u012bva apr\u016bpe-EN - Di\u017evanagi\",\"isPartOf\":{\"@id\":\"https:\/\/www.dizvanagi.lv\/#website\"},\"datePublished\":\"2015-07-01T21:06:03+00:00\",\"dateModified\":\"2015-07-01T21:06:03+00:00\",\"breadcrumb\":{\"@id\":\"https:\/\/www.dizvanagi.lv\/en\/paliativa-aprupe-en\/#breadcrumb\"},\"inLanguage\":\"lv-LV\",\"potentialAction\":[{\"@type\":\"ReadAction\",\"target\":[\"https:\/\/www.dizvanagi.lv\/en\/paliativa-aprupe-en\/\"]}]},{\"@type\":\"BreadcrumbList\",\"@id\":\"https:\/\/www.dizvanagi.lv\/en\/paliativa-aprupe-en\/#breadcrumb\",\"itemListElement\":[{\"@type\":\"ListItem\",\"position\":1,\"name\":\"Home\",\"item\":\"https:\/\/www.dizvanagi.lv\/\"},{\"@type\":\"ListItem\",\"position\":2,\"name\":\"Paliat\u012bva apr\u016bpe-EN\"}]},{\"@type\":\"WebSite\",\"@id\":\"https:\/\/www.dizvanagi.lv\/#website\",\"url\":\"https:\/\/www.dizvanagi.lv\/\",\"name\":\"Di\u017evanagi\",\"description\":\"B\u0113rni ir m\u016bsu prieks un sv\u0113t\u012bba\",\"potentialAction\":[{\"@type\":\"SearchAction\",\"target\":{\"@type\":\"EntryPoint\",\"urlTemplate\":\"https:\/\/www.dizvanagi.lv\/?s={search_term_string}\"},\"query-input\":\"required name=search_term_string\"}],\"inLanguage\":\"lv-LV\"}]}<\/script>\n<!-- \/ Yoast SEO plugin. -->","yoast_head_json":{"title":"Paliat\u012bva apr\u016bpe-EN - Di\u017evanagi","robots":{"index":"index","follow":"follow","max-snippet":"max-snippet:-1","max-image-preview":"max-image-preview:large","max-video-preview":"max-video-preview:-1"},"canonical":"https:\/\/www.dizvanagi.lv\/paliativa-aprupe-en\/","og_locale":"lv_LV","og_type":"article","og_title":"Paliat\u012bva apr\u016bpe-EN - Di\u017evanagi","og_description":"Kas ir paliat\u012bv\u0101 apr\u016bpe? Paliat\u012bv\u0101 apr\u016bpe ir visaptvero\u0161a (no biolo\u0123isk\u0101, psiholo\u0123isk\u0101, soci\u0101l\u0101, gar\u012bg\u0101 aspekta) to cilv\u0113ku apr\u016bpe, kuru slim\u012bbas vairs nav radik\u0101li iz\u0101rst\u0113jamas. T\u0101s m\u0113r\u0137is ir nodro\u0161in\u0101t pacientiem un vi\u0146u \u0123imen\u0113m maksim\u0101li labu dz\u012bves kvalit\u0101ti eso\u0161aj\u0101 situ\u0101cij\u0101. Paliat\u012bv\u0101s apr\u016bpes pamatelementi ir agr\u012bna s\u0101pju diagnostika, \u0101rst\u0113\u0161ana un rehabilit\u0101cija. Savuk\u0101rt b\u0113rnu paliat\u012bv\u0101s apr\u016bpes m\u0113r\u0137is at\u0161\u0137iras ar to, [&hellip;]","og_url":"https:\/\/www.dizvanagi.lv\/en\/paliativa-aprupe-en\/","og_site_name":"Di\u017evanagi","article_publisher":"https:\/\/www.facebook.com\/dizvanagi\/","twitter_card":"summary_large_image","twitter_misc":{"Est. reading time":"2 min\u016bte"},"schema":{"@context":"https:\/\/schema.org","@graph":[{"@type":"WebPage","@id":"https:\/\/www.dizvanagi.lv\/en\/paliativa-aprupe-en\/","url":"https:\/\/www.dizvanagi.lv\/en\/paliativa-aprupe-en\/","name":"Paliat\u012bva apr\u016bpe-EN - Di\u017evanagi","isPartOf":{"@id":"https:\/\/www.dizvanagi.lv\/#website"},"datePublished":"2015-07-01T21:06:03+00:00","dateModified":"2015-07-01T21:06:03+00:00","breadcrumb":{"@id":"https:\/\/www.dizvanagi.lv\/en\/paliativa-aprupe-en\/#breadcrumb"},"inLanguage":"lv-LV","potentialAction":[{"@type":"ReadAction","target":["https:\/\/www.dizvanagi.lv\/en\/paliativa-aprupe-en\/"]}]},{"@type":"BreadcrumbList","@id":"https:\/\/www.dizvanagi.lv\/en\/paliativa-aprupe-en\/#breadcrumb","itemListElement":[{"@type":"ListItem","position":1,"name":"Home","item":"https:\/\/www.dizvanagi.lv\/"},{"@type":"ListItem","position":2,"name":"Paliat\u012bva apr\u016bpe-EN"}]},{"@type":"WebSite","@id":"https:\/\/www.dizvanagi.lv\/#website","url":"https:\/\/www.dizvanagi.lv\/","name":"Di\u017evanagi","description":"B\u0113rni ir m\u016bsu prieks un sv\u0113t\u012bba","potentialAction":[{"@type":"SearchAction","target":{"@type":"EntryPoint","urlTemplate":"https:\/\/www.dizvanagi.lv\/?s={search_term_string}"},"query-input":"required name=search_term_string"}],"inLanguage":"lv-LV"}]}},"_links":{"self":[{"href":"https:\/\/www.dizvanagi.lv\/en\/wp-json\/wp\/v2\/pages\/10521\/"}],"collection":[{"href":"https:\/\/www.dizvanagi.lv\/en\/wp-json\/wp\/v2\/pages\/"}],"about":[{"href":"https:\/\/www.dizvanagi.lv\/en\/wp-json\/wp\/v2\/types\/page\/"}],"author":[{"embeddable":true,"href":"https:\/\/www.dizvanagi.lv\/en\/wp-json\/wp\/v2\/users\/1\/"}],"replies":[{"embeddable":true,"href":"https:\/\/www.dizvanagi.lv\/en\/wp-json\/wp\/v2\/comments\/?post=10521"}],"version-history":[{"count":1,"href":"https:\/\/www.dizvanagi.lv\/en\/wp-json\/wp\/v2\/pages\/10521\/revisions\/"}],"predecessor-version":[{"id":10523,"href":"https:\/\/www.dizvanagi.lv\/en\/wp-json\/wp\/v2\/pages\/10521\/revisions\/10523\/"}],"wp:attachment":[{"href":"https:\/\/www.dizvanagi.lv\/en\/wp-json\/wp\/v2\/media\/?parent=10521"}],"curies":[{"name":"wp","href":"https:\/\/api.w.org\/{rel}","templated":true}]}}